{"id":1205,"date":"2023-06-05T15:32:46","date_gmt":"2023-06-05T13:32:46","guid":{"rendered":"https:\/\/agri-volt.fr\/?page_id=1205"},"modified":"2024-04-05T11:20:03","modified_gmt":"2024-04-05T09:20:03","slug":"99_mentions-legales","status":"publish","type":"page","link":"https:\/\/agri-volt.fr\/?page_id=1205","title":{"rendered":"Mentions L\u00e9gales"},"content":{"rendered":"\n<div class=\"wp-block-cover alignfull is-light\" style=\"min-height:132px;aspect-ratio:unset;\"><span aria-hidden=\"true\" class=\"wp-block-cover__background has-nv-site-bg-background-color has-background-dim-0 has-background-dim\"><\/span><img loading=\"lazy\" decoding=\"async\" width=\"1500\" height=\"750\" class=\"wp-block-cover__image-background wp-image-2024\" alt=\"\" src=\"https:\/\/agri-volt.fr\/wp-content\/uploads\/2023\/06\/mentions_legales-1500x0-c-default.jpg\" data-object-fit=\"cover\" srcset=\"https:\/\/agri-volt.fr\/wp-content\/uploads\/2023\/06\/mentions_legales-1500x0-c-default.jpg 1500w, https:\/\/agri-volt.fr\/wp-content\/uploads\/2023\/06\/mentions_legales-1500x0-c-default-300x150.jpg 300w, https:\/\/agri-volt.fr\/wp-content\/uploads\/2023\/06\/mentions_legales-1500x0-c-default-1024x512.jpg 1024w, https:\/\/agri-volt.fr\/wp-content\/uploads\/2023\/06\/mentions_legales-1500x0-c-default-768x384.jpg 768w\" sizes=\"(max-width: 1500px) 100vw, 1500px\" \/><div class=\"wp-block-cover__inner-container is-layout-flow wp-block-cover-is-layout-flow\">\n<div style=\"height:50px\" aria-hidden=\"true\" class=\"wp-block-spacer\"><\/div>\n\n\n\n<div class=\"wp-block-columns alignfull is-layout-flex wp-container-core-columns-is-layout-1 wp-block-columns-is-layout-flex\">\n<div class=\"wp-block-column is-layout-flow wp-block-column-is-layout-flow\" style=\"flex-basis:30%\"><\/div>\n\n\n\n<div class=\"wp-block-column is-layout-flow wp-block-column-is-layout-flow\">\n<h4 class=\"wp-block-heading has-text-align-center has-nv-text-dark-bg-color has-text-color has-background\" style=\"background-color:#0000007a;font-size:30px\">Mentions L\u00e9gales<\/h4>\n<\/div>\n\n\n\n<div class=\"wp-block-column is-layout-flow wp-block-column-is-layout-flow\" style=\"flex-basis:30%\"><\/div>\n<\/div>\n<\/div><\/div>\n\n\n\n<div class=\"wp-block-cover alignfull has-small-font-size\" style=\"min-height:375px;aspect-ratio:unset;\"><span aria-hidden=\"true\" class=\"wp-block-cover__background has-nv-site-bg-background-color has-background-dim-100 has-background-dim\"><\/span><div class=\"wp-block-cover__inner-container is-layout-flow wp-block-cover-is-layout-flow\">\n<div style=\"height:33px\" aria-hidden=\"true\" class=\"wp-block-spacer\"><\/div>\n\n\n\n<div class=\"wp-block-columns alignwide is-layout-flex wp-container-core-columns-is-layout-2 wp-block-columns-is-layout-flex\">\n<div class=\"wp-block-column is-layout-flow wp-block-column-is-layout-flow\">\n<p><\/p>\n\n\n\n<p class=\"has-neve-text-color-color has-text-color\" style=\"font-size:16px\">Nom du site : www.agri-volt.fr<\/p>\n\n\n\n<p class=\"has-neve-text-color-color has-text-color\" style=\"font-size:16px\">Editeur du site internet : soci\u00e9t\u00e9 AGRIVOLT, Soci\u00e9t\u00e9 par Actions Simplifi\u00e9e au Capital de 930 454 euros, dont le si\u00e8ge social est situ\u00e9 6, rue G\u00e9ricault \u00e0 Paris 75016, immatricul\u00e9e au RCS de Paris sous le n\u00b0948 067 186 et n\u00b0 TVA intracommunautaire : FR65 948 067 186.<\/p>\n\n\n\n<p class=\"has-neve-text-color-color has-text-color\" style=\"font-size:16px\">Responsable du site : L\u2019\u00e9diteur du site peut \u00eatre contact\u00e9 par t\u00e9l\u00e9phone au +33 (0)9 83 68 08 85 ou par e-mail \u00e0 l\u2019adresse : contact@agri-volt.fr.<\/p>\n\n\n\n<p class=\"has-neve-text-color-color has-text-color\" style=\"font-size:16px\">H\u00e9bergement : Ce site est h\u00e9berg\u00e9 par OVH. Si\u00e8ge social : 2 rue Kellermann &#8211; 59100 Roubaix &#8211; France T\u00e9l\u00e9phone : +33 9 72 10 10 07<\/p>\n\n\n\n<p class=\"has-neve-text-color-color has-text-color\" style=\"font-size:16px\">Propri\u00e9t\u00e9 intellectuelle : Tous les contenus pr\u00e9sents sur ce site, incluant, de mani\u00e8re non exhaustive, les textes, les images, les graphiques, les logos et les vid\u00e9os, sont la propri\u00e9t\u00e9 intellectuelle exclusive de AGRIVOLT ou de ses partenaires. Toute reproduction, distribution, modification ou utilisation de ces contenus sans autorisation pr\u00e9alable est strictement interdite.<\/p>\n\n\n\n<p class=\"has-neve-text-color-color has-text-color\" style=\"font-size:16px\">Protection des donn\u00e9es personnelles : La collecte et le traitement des donn\u00e9es personnelles des utilisateurs de ce site sont effectu\u00e9s conform\u00e9ment \u00e0 la r\u00e9glementation en vigueur, notamment le R\u00e8glement G\u00e9n\u00e9ral sur la Protection des Donn\u00e9es (RGPD). Pour en savoir plus sur notre politique de confidentialit\u00e9 et sur vos droits concernant vos donn\u00e9es personnelles, veuillez consulter notre politique de confidentialit\u00e9.<\/p>\n\n\n\n<p class=\"has-neve-text-color-color has-text-color\" style=\"font-size:16px\">Liens externes : Ce site peut contenir des liens vers des sites web tiers. Nous d\u00e9clinons toute responsabilit\u00e9 quant au contenu de ces sites externes. La pr\u00e9sence de ces liens n&rsquo;implique pas une validation de leur contenu par AGRIVOLT.<\/p>\n\n\n\n<p class=\"has-neve-text-color-color has-text-color\" style=\"font-size:16px\">Limitation de responsabilit\u00e9 : Nous nous effor\u00e7ons de fournir des informations exactes et \u00e0 jour sur ce site, mais nous ne pouvons garantir leur exhaustivit\u00e9, leur exactitude ou leur ad\u00e9quation \u00e0 un usage sp\u00e9cifique. En cons\u00e9quence, AGRIVOLT d\u00e9cline toute responsabilit\u00e9 en cas de pr\u00e9judice direct ou indirect r\u00e9sultant de l&rsquo;utilisation des informations pr\u00e9sentes sur ce site.<\/p>\n\n\n\n<p class=\"has-neve-text-color-color has-text-color\" style=\"font-size:16px\">Droit applicable et juridiction comp\u00e9tente : Les pr\u00e9sentes mentions l\u00e9gales sont r\u00e9gies par le droit fran\u00e7ais. En cas de litige, les tribunaux fran\u00e7ais seront seuls comp\u00e9tents.<\/p>\n\n\n\n<p class=\"has-neve-text-color-color has-text-color\" style=\"font-size:16px\">Date de derni\u00e8re mise \u00e0 jour : 5 f\u00e9vrier 2024<\/p>\n<\/div>\n<\/div>\n<\/div><\/div>\n\n\n\n<div class=\"wp-block-cover alignfull\" style=\"min-height:227px;aspect-ratio:unset;\"><span aria-hidden=\"true\" class=\"wp-block-cover__background has-neve-link-color-background-color has-background-dim-100 has-background-dim\"><\/span><div class=\"wp-block-cover__inner-container is-layout-flow wp-block-cover-is-layout-flow\">\n<div class=\"wp-block-columns alignfull is-layout-flex wp-container-core-columns-is-layout-3 wp-block-columns-is-layout-flex\">\n<div class=\"wp-block-column is-layout-flow wp-block-column-is-layout-flow\" style=\"flex-basis:0px\"><\/div>\n\n\n\n<div class=\"wp-block-column is-vertically-aligned-bottom is-layout-flow wp-block-column-is-layout-flow\" style=\"flex-basis:12em\">\n<div class=\"wp-block-group is-vertical is-layout-flex wp-container-core-group-is-layout-1 wp-block-group-is-layout-flex\">\n<p class=\"has-small-font-size\"><strong>AGRIVOLT SAS<\/strong><\/p>\n\n\n\n<p style=\"font-size:10px\">6, rue G\u00e9ricault | 75016 PARIS <\/p>\n\n\n\n<p style=\"font-size:10px\">SIREN : 948 067 186 <\/p>\n\n\n\n<p style=\"font-size:10px\">Capital : 930 454 \u20ac <\/p>\n<\/div>\n\n\n\n<p><\/p>\n\n\n\n<div class=\"wp-block-group is-vertical is-layout-flex wp-container-core-group-is-layout-2 wp-block-group-is-layout-flex\">\n<p><\/p>\n\n\n\n<p class=\"has-small-font-size\">T : 09 83 68 08 85<\/p>\n\n\n\n<p class=\"has-small-font-size\">@ : contact@agri-volt.fr<\/p>\n<\/div>\n\n\n<nav class=\"has-small-font-size  is-vertical wp-block-navigation has-small-font-size is-layout-flex wp-container-core-navigation-is-layout-1 wp-block-navigation-is-layout-flex\" aria-label=\"mentions legal\"><ul class=\"wp-block-navigation__container has-small-font-size  is-vertical wp-block-navigation has-small-font-size\"><li class=\"has-small-font-size wp-block-navigation-item wp-block-navigation-link\"><a class=\"wp-block-navigation-item__content\"  href=\"https:\/\/agri-volt.fr\/?page_id=1205\"><span class=\"wp-block-navigation-item__label\">Mentions l\u00e9gales<\/span><\/a><\/li><\/ul><\/nav><\/div>\n\n\n\n<div class=\"wp-block-column is-vertically-aligned-center is-layout-flow wp-block-column-is-layout-flow\" style=\"flex-basis:30%\">\n<div style=\"height:80px\" aria-hidden=\"true\" class=\"wp-block-spacer\"><\/div>\n\n\n\n<p class=\"has-text-align-right has-nv-text-dark-bg-color has-text-color has-medium-font-size\"><strong>Demandez une \u00e9tude gratuite <\/strong>:<\/p>\n<\/div>\n\n\n\n<div class=\"wp-block-column is-vertically-aligned-bottom is-layout-flow wp-block-column-is-layout-flow\"><div class=\"wp-block-image\">\n<figure class=\"alignleft size-medium is-resized\"><a href=\"https:\/\/agri-volt.fr\/?page_id=17\"><img loading=\"lazy\" decoding=\"async\" width=\"270\" height=\"300\" src=\"https:\/\/agri-volt.fr\/wp-content\/uploads\/2023\/01\/france-grise-agence-270x300.png\" alt=\"\" class=\"wp-image-824\" style=\"width:180px;height:200px\" srcset=\"https:\/\/agri-volt.fr\/wp-content\/uploads\/2023\/01\/france-grise-agence-270x300.png 270w, https:\/\/agri-volt.fr\/wp-content\/uploads\/2023\/01\/france-grise-agence-923x1024.png 923w, https:\/\/agri-volt.fr\/wp-content\/uploads\/2023\/01\/france-grise-agence-768x852.png 768w, https:\/\/agri-volt.fr\/wp-content\/uploads\/2023\/01\/france-grise-agence-1384x1536.png 1384w, https:\/\/agri-volt.fr\/wp-content\/uploads\/2023\/01\/france-grise-agence-1845x2048.png 1845w\" sizes=\"(max-width: 270px) 100vw, 270px\" \/><\/a><\/figure><\/div><\/div>\n\n\n\n<div class=\"wp-block-column is-vertically-aligned-center is-layout-flow wp-block-column-is-layout-flow\" style=\"flex-basis:12em\"><nav style=\"text-transform:uppercase;\" class=\"has-small-font-size items-justified-right is-vertical no-wrap wp-block-navigation has-small-font-size is-content-justification-right is-nowrap is-layout-flex wp-container-core-navigation-is-layout-2 wp-block-navigation-is-layout-flex\" aria-label=\"primary\"><ul style=\"text-transform:uppercase;\" class=\"wp-block-navigation__container has-small-font-size items-justified-right is-vertical no-wrap wp-block-navigation has-small-font-size\"><li class=\"has-small-font-size wp-block-navigation-item wp-block-navigation-link has-small-font-size\"><a class=\"wp-block-navigation-item__content\"  href=\"https:\/\/agri-volt.fr\/\"><span class=\"wp-block-navigation-item__label\">Accueil<\/span><\/a><\/li><li class=\"has-small-font-size wp-block-navigation-item wp-block-navigation-link has-small-font-size wp-container-content-1\"><a class=\"wp-block-navigation-item__content\"  href=\"https:\/\/agri-volt.fr\/?page_id=16\"><span class=\"wp-block-navigation-item__label\">Le groupe<\/span><\/a><\/li><li class=\"has-small-font-size wp-block-navigation-item wp-block-navigation-link has-small-font-size\"><a class=\"wp-block-navigation-item__content\"  href=\"https:\/\/agri-volt.fr\/?page_id=84\"><span class=\"wp-block-navigation-item__label\">Contexte<\/span><\/a><\/li><li class=\"has-small-font-size wp-block-navigation-item wp-block-navigation-link\"><a class=\"wp-block-navigation-item__content\"  href=\"https:\/\/agri-volt.fr\/?page_id=18\"><span class=\"wp-block-navigation-item__label\">Solutions agrivolta\u00efque<\/span><\/a><\/li><li class=\"has-small-font-size wp-block-navigation-item wp-block-navigation-link\"><a class=\"wp-block-navigation-item__content\"  href=\"https:\/\/agri-volt.fr\/?page_id=1583\"><span class=\"wp-block-navigation-item__label\">Toitures solaires<\/span><\/a><\/li><li class=\"has-small-font-size wp-block-navigation-item wp-block-navigation-link\"><a class=\"wp-block-navigation-item__content\"  href=\"https:\/\/agri-volt.fr\/?page_id=2035\"><span class=\"wp-block-navigation-item__label\">Offres d\u2019emploi<\/span><\/a><\/li><li class=\"has-small-font-size wp-block-navigation-item wp-block-navigation-link has-small-font-size\"><a class=\"wp-block-navigation-item__content\"  href=\"https:\/\/agri-volt.fr\/?page_id=17\"><span class=\"wp-block-navigation-item__label\">Contact<\/span><\/a><\/li><\/ul><\/nav><\/div>\n\n\n\n<div class=\"wp-block-column is-layout-flow wp-block-column-is-layout-flow\" style=\"flex-basis:0px\"><\/div>\n<\/div>\n<\/div><\/div>\n","protected":false},"excerpt":{"rendered":"","protected":false},"author":1,"featured_media":0,"parent":0,"menu_order":0,"comment_status":"closed","ping_status":"closed","template":"","meta":{"neve_meta_sidebar":"","neve_meta_container":"","neve_meta_enable_content_width":"on","neve_meta_content_width":100,"neve_meta_title_alignment":"","neve_meta_author_avatar":"","neve_post_elements_order":"","neve_meta_disable_header":"","neve_meta_disable_footer":"","neve_meta_disable_title":"on","footnotes":""},"_links":{"self":[{"href":"https:\/\/agri-volt.fr\/index.php?rest_route=\/wp\/v2\/pages\/1205"}],"collection":[{"href":"https:\/\/agri-volt.fr\/index.php?rest_route=\/wp\/v2\/pages"}],"about":[{"href":"https:\/\/agri-volt.fr\/index.php?rest_route=\/wp\/v2\/types\/page"}],"author":[{"embeddable":true,"href":"https:\/\/agri-volt.fr\/index.php?rest_route=\/wp\/v2\/users\/1"}],"replies":[{"embeddable":true,"href":"https:\/\/agri-volt.fr\/index.php?rest_route=%2Fwp%2Fv2%2Fcomments&post=1205"}],"version-history":[{"count":9,"href":"https:\/\/agri-volt.fr\/index.php?rest_route=\/wp\/v2\/pages\/1205\/revisions"}],"predecessor-version":[{"id":2428,"href":"https:\/\/agri-volt.fr\/index.php?rest_route=\/wp\/v2\/pages\/1205\/revisions\/2428"}],"wp:attachment":[{"href":"https:\/\/agri-volt.fr\/index.php?rest_route=%2Fwp%2Fv2%2Fmedia&parent=1205"}],"curies":[{"name":"wp","href":"https:\/\/api.w.org\/{rel}","templated":true}]}}