{"id":1583,"date":"2023-06-06T19:23:16","date_gmt":"2023-06-06T17:23:16","guid":{"rendered":"https:\/\/agri-volt.fr\/?page_id=1583"},"modified":"2025-05-13T17:26:14","modified_gmt":"2025-05-13T15:26:14","slug":"4_toitures-solaires","status":"publish","type":"page","link":"https:\/\/agri-volt.fr\/?page_id=1583","title":{"rendered":"4_Toitures solaires"},"content":{"rendered":"\n<div class=\"wp-block-cover alignfull\" style=\"min-height:179px;aspect-ratio:unset;\"><span aria-hidden=\"true\" class=\"wp-block-cover__background has-nv-site-bg-background-color has-background-dim-0 has-background-dim\"><\/span><img loading=\"lazy\" decoding=\"async\" width=\"2500\" height=\"614\" class=\"wp-block-cover__image-background wp-image-1586\" alt=\"\" src=\"https:\/\/agri-volt.fr\/wp-content\/uploads\/2023\/06\/PV-Toiture-Cut.png\" style=\"object-position:29% 68%\" data-object-fit=\"cover\" data-object-position=\"29% 68%\" srcset=\"https:\/\/agri-volt.fr\/wp-content\/uploads\/2023\/06\/PV-Toiture-Cut.png 2500w, https:\/\/agri-volt.fr\/wp-content\/uploads\/2023\/06\/PV-Toiture-Cut-300x74.png 300w, https:\/\/agri-volt.fr\/wp-content\/uploads\/2023\/06\/PV-Toiture-Cut-1024x251.png 1024w, https:\/\/agri-volt.fr\/wp-content\/uploads\/2023\/06\/PV-Toiture-Cut-768x189.png 768w, https:\/\/agri-volt.fr\/wp-content\/uploads\/2023\/06\/PV-Toiture-Cut-1536x377.png 1536w, https:\/\/agri-volt.fr\/wp-content\/uploads\/2023\/06\/PV-Toiture-Cut-2048x503.png 2048w\" sizes=\"(max-width: 2500px) 100vw, 2500px\" \/><div class=\"wp-block-cover__inner-container is-layout-flow wp-block-cover-is-layout-flow\">\n<div style=\"height:50px\" aria-hidden=\"true\" class=\"wp-block-spacer\"><\/div>\n\n\n\n<div class=\"wp-block-columns alignfull is-layout-flex wp-container-core-columns-is-layout-1 wp-block-columns-is-layout-flex\">\n<div class=\"wp-block-column is-layout-flow wp-block-column-is-layout-flow\"><\/div>\n\n\n\n<div class=\"wp-block-column is-layout-flow wp-block-column-is-layout-flow\" style=\"flex-basis:64em\">\n<h4 class=\"wp-block-heading has-text-align-center has-nv-text-dark-bg-color has-text-color has-background\" style=\"background-color:#00000080;font-size:30px\">Installation de panneaux photovolta\u00efques sur vos b\u00e2timents<\/h4>\n<\/div>\n\n\n\n<div class=\"wp-block-column is-layout-flow wp-block-column-is-layout-flow\"><\/div>\n<\/div>\n<\/div><\/div>\n\n\n\n<div class=\"wp-block-cover alignfull has-neve-text-color-color has-text-color has-link-color wp-elements-ff94aaf286323b384aafc951f5e82ce7\" style=\"min-height:459px;aspect-ratio:unset;\"><span aria-hidden=\"true\" class=\"wp-block-cover__background has-nv-site-bg-background-color has-background-dim-100 has-background-dim\"><\/span><div class=\"wp-block-cover__inner-container is-layout-flow wp-block-cover-is-layout-flow\">\n<div style=\"height:0px\" aria-hidden=\"true\" class=\"wp-block-spacer\"><\/div>\n\n\n\n<p><\/p>\n\n\n\n<div class=\"wp-block-columns alignwide are-vertically-aligned-top is-layout-flex wp-container-core-columns-is-layout-2 wp-block-columns-is-layout-flex\">\n<div class=\"wp-block-column is-vertically-aligned-top is-layout-flow wp-block-column-is-layout-flow\" style=\"flex-basis:24em\">\n<h4 class=\"wp-block-heading has-text-align-center has-nv-site-bg-color has-text-color has-link-color wp-elements-f48afc6bfc97c1ae4626657833981a11\">Solutions pour b\u00e2timents agricoles<\/h4>\n<\/div>\n<\/div>\n\n\n\n<div class=\"wp-block-columns alignwide are-vertically-aligned-top is-layout-flex wp-container-core-columns-is-layout-3 wp-block-columns-is-layout-flex\">\n<div class=\"wp-block-column is-vertically-aligned-top has-nv-text-dark-bg-color has-text-color is-layout-flow wp-block-column-is-layout-flow\" style=\"flex-basis:14em\">\n<h3 class=\"wp-block-heading has-text-align-center has-neve-text-color-color has-text-color\" style=\"font-size:16px\">B\u00e2timents existants<\/h3>\n<\/div>\n<\/div>\n\n\n\n<div class=\"wp-block-columns alignwide is-layout-flex wp-container-core-columns-is-layout-4 wp-block-columns-is-layout-flex\">\n<div class=\"wp-block-column is-vertically-aligned-bottom is-layout-flow wp-block-column-is-layout-flow\" style=\"flex-basis:65%\">\n<figure class=\"wp-block-image size-large\"><img loading=\"lazy\" decoding=\"async\" width=\"1024\" height=\"293\" src=\"https:\/\/agri-volt.fr\/wp-content\/uploads\/2023\/06\/Toiture-Existente-1024x293.png\" alt=\"\" class=\"wp-image-1603\" srcset=\"https:\/\/agri-volt.fr\/wp-content\/uploads\/2023\/06\/Toiture-Existente-1024x293.png 1024w, https:\/\/agri-volt.fr\/wp-content\/uploads\/2023\/06\/Toiture-Existente-300x86.png 300w, https:\/\/agri-volt.fr\/wp-content\/uploads\/2023\/06\/Toiture-Existente-768x220.png 768w, https:\/\/agri-volt.fr\/wp-content\/uploads\/2023\/06\/Toiture-Existente-1536x440.png 1536w, https:\/\/agri-volt.fr\/wp-content\/uploads\/2023\/06\/Toiture-Existente-2048x586.png 2048w\" sizes=\"(max-width: 1024px) 100vw, 1024px\" \/><\/figure>\n\n\n\n<p><\/p>\n<\/div>\n\n\n\n<div class=\"wp-block-column is-vertically-aligned-top is-layout-flow wp-block-column-is-layout-flow\">\n<p style=\"font-size:16px\">Nous intervenons sur tous types de b\u00e2timents&nbsp;agricoles : stockage de fourrage et mat\u00e9riel agricole, b\u00e2timent d\u2019\u00e9levage, man\u00e8ge \u00e9questre, \u2026<\/p>\n\n\n\n<p style=\"font-size:16px\"><strong>Nous proposons : <\/strong><\/p>\n\n\n\n<p style=\"font-size:16px\">Des solutions de location de toiture sur 30 ans afin d\u2019installer et d\u2019exploiter une centrale solaire. Cela permet au propri\u00e9taire d\u2019obtenir un revenu de long terme ou une soulte significative \u00e0 la mise en service de l\u2019installation.<\/p>\n<\/div>\n<\/div>\n\n\n\n<div class=\"wp-block-columns alignwide are-vertically-aligned-top is-layout-flex wp-container-core-columns-is-layout-5 wp-block-columns-is-layout-flex\">\n<div class=\"wp-block-column is-vertically-aligned-top has-nv-text-dark-bg-color has-text-color is-layout-flow wp-block-column-is-layout-flow\" style=\"flex-basis:14em\">\n<h3 class=\"wp-block-heading has-text-align-center has-neve-text-color-color has-text-color\" style=\"font-size:16px\">B\u00e2timents neufs<\/h3>\n<\/div>\n<\/div>\n\n\n\n<div class=\"wp-block-columns alignwide is-layout-flex wp-container-core-columns-is-layout-6 wp-block-columns-is-layout-flex\">\n<div class=\"wp-block-column is-layout-flow wp-block-column-is-layout-flow\" style=\"flex-basis:65%\">\n<figure class=\"wp-block-image size-large\"><img loading=\"lazy\" decoding=\"async\" width=\"1024\" height=\"409\" src=\"https:\/\/agri-volt.fr\/wp-content\/uploads\/2023\/06\/Nouveau-batiment-1024x409.png\" alt=\"\" class=\"wp-image-1605\" srcset=\"https:\/\/agri-volt.fr\/wp-content\/uploads\/2023\/06\/Nouveau-batiment-1024x409.png 1024w, https:\/\/agri-volt.fr\/wp-content\/uploads\/2023\/06\/Nouveau-batiment-300x120.png 300w, https:\/\/agri-volt.fr\/wp-content\/uploads\/2023\/06\/Nouveau-batiment-768x307.png 768w, https:\/\/agri-volt.fr\/wp-content\/uploads\/2023\/06\/Nouveau-batiment-1536x614.png 1536w, https:\/\/agri-volt.fr\/wp-content\/uploads\/2023\/06\/Nouveau-batiment-2048x818.png 2048w\" sizes=\"(max-width: 1024px) 100vw, 1024px\" \/><\/figure>\n\n\n\n<p class=\"has-small-font-size\"><\/p>\n<\/div>\n\n\n\n<div class=\"wp-block-column is-vertically-aligned-center is-layout-flow wp-block-column-is-layout-flow\">\n<p style=\"font-size:16px\"><strong>Nous proposons :<\/strong><\/p>\n\n\n\n<p class=\"has-text-align-left\" style=\"font-size:16px\">Des solutions de financement de tout ou partie des fondations, charpentes et couvertures en l\u2019\u00e9change de l\u2019installation et l\u2019exploitation d\u2019une centrale solaire en toiture sur 30 ans.<\/p>\n<\/div>\n<\/div>\n<\/div><\/div>\n\n\n\n<div class=\"wp-block-cover alignfull\" style=\"min-height:459px;aspect-ratio:unset;\"><span aria-hidden=\"true\" class=\"wp-block-cover__background has-nv-c-1-background-color has-background-dim-100 has-background-dim\"><\/span><div class=\"wp-block-cover__inner-container is-layout-flow wp-block-cover-is-layout-flow\">\n<div style=\"height:0px\" aria-hidden=\"true\" class=\"wp-block-spacer\"><\/div>\n\n\n\n<p><\/p>\n\n\n\n<div class=\"wp-block-columns alignwide are-vertically-aligned-top is-layout-flex wp-container-core-columns-is-layout-7 wp-block-columns-is-layout-flex\">\n<div class=\"wp-block-column is-vertically-aligned-top is-layout-flow wp-block-column-is-layout-flow\" style=\"flex-basis:24em\">\n<h4 class=\"wp-block-heading has-text-align-center has-nv-site-bg-color has-text-color has-link-color wp-elements-422909e8522b1a4214ef744e8f01c490\">Solutions pour b\u00e2timents industriels<\/h4>\n<\/div>\n<\/div>\n\n\n\n<div class=\"wp-block-columns alignwide are-vertically-aligned-top is-layout-flex wp-container-core-columns-is-layout-8 wp-block-columns-is-layout-flex\">\n<div class=\"wp-block-column is-vertically-aligned-top has-nv-text-dark-bg-color has-text-color is-layout-flow wp-block-column-is-layout-flow\" style=\"flex-basis:18em\"><\/div>\n<\/div>\n\n\n\n<div class=\"wp-block-columns alignwide has-neve-text-color-color has-text-color is-layout-flex wp-container-core-columns-is-layout-9 wp-block-columns-is-layout-flex\">\n<div class=\"wp-block-column is-layout-flow wp-block-column-is-layout-flow\" style=\"flex-basis:65%\">\n<figure class=\"wp-block-image size-large is-resized is-style-rounded\"><img loading=\"lazy\" decoding=\"async\" width=\"1024\" height=\"402\" src=\"https:\/\/agri-volt.fr\/wp-content\/uploads\/2023\/06\/PV-Toiture-Mono-Logistique-large-1024x402.jpg\" alt=\"\" class=\"wp-image-1614\" style=\"width:651px;height:255px\" srcset=\"https:\/\/agri-volt.fr\/wp-content\/uploads\/2023\/06\/PV-Toiture-Mono-Logistique-large-1024x402.jpg 1024w, https:\/\/agri-volt.fr\/wp-content\/uploads\/2023\/06\/PV-Toiture-Mono-Logistique-large-300x118.jpg 300w, https:\/\/agri-volt.fr\/wp-content\/uploads\/2023\/06\/PV-Toiture-Mono-Logistique-large-768x301.jpg 768w, https:\/\/agri-volt.fr\/wp-content\/uploads\/2023\/06\/PV-Toiture-Mono-Logistique-large.jpg 1140w\" sizes=\"(max-width: 1024px) 100vw, 1024px\" \/><\/figure>\n<\/div>\n\n\n\n<div class=\"wp-block-column is-vertically-aligned-center is-layout-flow wp-block-column-is-layout-flow\">\n<p style=\"font-size:16px\"><strong>Nous intervenons sur des sites logistiques et industriels, neufs ou existants :<\/strong><\/p>\n\n\n\n<ul class=\"has-small-font-size\">\n<li style=\"font-size:16px\">soit en tant que d\u00e9veloppeur, investisseur, constructeur et exploitant <\/li>\n\n\n\n<li style=\"font-size:16px\">soit en tant que prestataire de service afin d\u2019aider l\u2019entreprise \u00e0 monter, financer, construire et exploiter son projet de centrale solaire. Ainsi elle peut autoconsommer l\u2019\u00e9lectricit\u00e9 produite ou obtenir un revenu en vendant la production.<\/li>\n<\/ul>\n<\/div>\n<\/div>\n\n\n\n<div class=\"wp-block-columns alignwide has-neve-text-color-color has-text-color is-layout-flex wp-container-core-columns-is-layout-10 wp-block-columns-is-layout-flex\">\n<div class=\"wp-block-column is-vertically-aligned-center is-layout-flow wp-block-column-is-layout-flow\">\n<p class=\"has-neve-text-color-color has-text-color\" style=\"font-size:16px\">Les entreprises s\u2019engageant dans la transition \u00e9nerg\u00e9tique sont fi\u00e8res de communiquer sur leurs centrales solaires aupr\u00e8s de leurs clients, leurs salari\u00e9s et leurs actionnaires.<\/p>\n<\/div>\n<\/div>\n<\/div><\/div>\n\n\n\n<div class=\"wp-block-cover alignfull\" style=\"min-height:285px;aspect-ratio:unset;\"><span aria-hidden=\"true\" class=\"wp-block-cover__background has-nv-text-dark-bg-background-color has-background-dim-100 has-background-dim\"><\/span><div class=\"wp-block-cover__inner-container is-layout-flow wp-block-cover-is-layout-flow\">\n<div style=\"height:50px\" aria-hidden=\"true\" class=\"wp-block-spacer\"><\/div>\n\n\n\n<div class=\"wp-block-columns alignwide are-vertically-aligned-top is-layout-flex wp-container-core-columns-is-layout-11 wp-block-columns-is-layout-flex\">\n<div class=\"wp-block-column is-vertically-aligned-top is-layout-flow wp-block-column-is-layout-flow\" style=\"flex-basis:24em\">\n<h4 class=\"wp-block-heading has-text-align-center\">D\u00e9veloppement du potentiel solaire<\/h4>\n<\/div>\n<\/div>\n\n\n\n<div class=\"wp-block-columns alignwide has-neve-text-color-color has-text-color is-layout-flex wp-container-core-columns-is-layout-12 wp-block-columns-is-layout-flex\">\n<div class=\"wp-block-column is-layout-flow wp-block-column-is-layout-flow\">\n<p style=\"font-size:16px\">Nous proposons l&rsquo;installation de panneaux photovolta\u00efques sur vos b\u00e2timents. Ces solutions offrent plusieurs avantages : <\/p>\n\n\n\n<ul class=\"has-small-font-size\">\n<li style=\"font-size:16px\"><strong>Revenus suppl\u00e9mentaires :<\/strong> La location des volumes au-dessus des toitures ou la mise \u00e0 disposition d&rsquo;un b\u00e2timent neuf.<\/li>\n\n\n\n<li style=\"font-size:16px\"><strong>Durabilit\u00e9 environnementale : <\/strong>L&rsquo;\u00e9nergie solaire est une source d&rsquo;\u00e9nergie renouvelable qui contribue ainsi \u00e0 r\u00e9duire votre empreinte carbone.<\/li>\n\n\n\n<li style=\"font-size:16px\"><strong>Protection contre les intemp\u00e9ries :<\/strong> Les panneaux solaires peuvent \u00e9galement fournir une protection suppl\u00e9mentaire aux toits des b\u00e2timents en agissant comme une barri\u00e8re contre les intemp\u00e9ries, tels que les vents violents, les fortes pluies ou la gr\u00eale.<\/li>\n\n\n\n<li style=\"font-size:16px\"><strong>Utilisation optimale de l&rsquo;espace : <\/strong>Les toits des b\u00e2timents offrent souvent une surface disponible pour l&rsquo;installation de panneaux solaires qui n&rsquo;est pas utilis\u00e9 actuellement.<\/li>\n<\/ul>\n\n\n\n<p class=\"has-neve-text-color-color has-text-color\" style=\"font-size:16px\">Dans tous les cas, nos offres d\u00e9pendent de l\u2019emplacement du site, de l\u2019exposition des toitures et des tarifs de rachat de l\u2019\u00e9lectricit\u00e9 r\u00e9gul\u00e9s par l\u2019Etat.<\/p>\n\n\n\n<div style=\"height:10px\" aria-hidden=\"true\" class=\"wp-block-spacer\"><\/div>\n<\/div>\n<\/div>\n<\/div><\/div>\n\n\n\n<div class=\"wp-block-cover alignfull\" style=\"min-height:227px;aspect-ratio:unset;\"><span aria-hidden=\"true\" class=\"wp-block-cover__background has-neve-link-color-background-color has-background-dim-100 has-background-dim\"><\/span><div class=\"wp-block-cover__inner-container is-layout-flow wp-block-cover-is-layout-flow\">\n<div class=\"wp-block-columns alignfull is-layout-flex wp-container-core-columns-is-layout-13 wp-block-columns-is-layout-flex\">\n<div class=\"wp-block-column is-layout-flow wp-block-column-is-layout-flow\" style=\"flex-basis:0px\"><\/div>\n\n\n\n<div class=\"wp-block-column is-vertically-aligned-bottom is-layout-flow wp-block-column-is-layout-flow\" style=\"flex-basis:12em\">\n<div class=\"wp-block-group is-vertical is-layout-flex wp-container-core-group-is-layout-1 wp-block-group-is-layout-flex\">\n<p class=\"has-small-font-size\"><strong>AGRIVOLT SAS<\/strong><\/p>\n\n\n\n<p style=\"font-size:10px\">6, rue G\u00e9ricault | 75016 PARIS <\/p>\n\n\n\n<p style=\"font-size:10px\">SIREN : 948 067 186 <\/p>\n\n\n\n<p style=\"font-size:10px\">Capital : 930 454 \u20ac <\/p>\n<\/div>\n\n\n\n<p><\/p>\n\n\n\n<div class=\"wp-block-group is-vertical is-layout-flex wp-container-core-group-is-layout-2 wp-block-group-is-layout-flex\">\n<p><\/p>\n\n\n\n<p class=\"has-small-font-size\">T : 09 83 68 08 85<\/p>\n\n\n\n<p class=\"has-small-font-size\">@ : contact@agri-volt.fr<\/p>\n<\/div>\n\n\n<nav class=\"has-small-font-size  is-vertical wp-block-navigation has-small-font-size is-layout-flex wp-container-core-navigation-is-layout-1 wp-block-navigation-is-layout-flex\" aria-label=\"mentions legal\"><ul class=\"wp-block-navigation__container has-small-font-size  is-vertical wp-block-navigation has-small-font-size\"><li class=\"has-small-font-size wp-block-navigation-item wp-block-navigation-link\"><a class=\"wp-block-navigation-item__content\"  href=\"https:\/\/agri-volt.fr\/?page_id=1205\"><span class=\"wp-block-navigation-item__label\">Mentions l\u00e9gales<\/span><\/a><\/li><\/ul><\/nav><\/div>\n\n\n\n<div class=\"wp-block-column is-vertically-aligned-center is-layout-flow wp-block-column-is-layout-flow\" style=\"flex-basis:30%\">\n<div style=\"height:80px\" aria-hidden=\"true\" class=\"wp-block-spacer\"><\/div>\n\n\n\n<p class=\"has-text-align-right has-nv-text-dark-bg-color has-text-color has-medium-font-size\"><strong>Demandez une \u00e9tude gratuite <\/strong>:<\/p>\n<\/div>\n\n\n\n<div class=\"wp-block-column is-vertically-aligned-bottom is-layout-flow wp-block-column-is-layout-flow\"><div class=\"wp-block-image\">\n<figure class=\"alignleft size-medium is-resized\"><a href=\"https:\/\/agri-volt.fr\/?page_id=17\"><img loading=\"lazy\" decoding=\"async\" width=\"270\" height=\"300\" src=\"https:\/\/agri-volt.fr\/wp-content\/uploads\/2023\/01\/france-grise-agence-270x300.png\" alt=\"\" class=\"wp-image-824\" style=\"width:180px;height:200px\" srcset=\"https:\/\/agri-volt.fr\/wp-content\/uploads\/2023\/01\/france-grise-agence-270x300.png 270w, https:\/\/agri-volt.fr\/wp-content\/uploads\/2023\/01\/france-grise-agence-923x1024.png 923w, https:\/\/agri-volt.fr\/wp-content\/uploads\/2023\/01\/france-grise-agence-768x852.png 768w, https:\/\/agri-volt.fr\/wp-content\/uploads\/2023\/01\/france-grise-agence-1384x1536.png 1384w, https:\/\/agri-volt.fr\/wp-content\/uploads\/2023\/01\/france-grise-agence-1845x2048.png 1845w\" sizes=\"(max-width: 270px) 100vw, 270px\" \/><\/a><\/figure><\/div><\/div>\n\n\n\n<div class=\"wp-block-column is-vertically-aligned-center is-layout-flow wp-block-column-is-layout-flow\" style=\"flex-basis:12em\"><nav style=\"text-transform:uppercase;\" class=\"has-small-font-size items-justified-right is-vertical no-wrap wp-block-navigation has-small-font-size is-content-justification-right is-nowrap is-layout-flex wp-container-core-navigation-is-layout-2 wp-block-navigation-is-layout-flex\" aria-label=\"primary\"><ul style=\"text-transform:uppercase;\" class=\"wp-block-navigation__container has-small-font-size items-justified-right is-vertical no-wrap wp-block-navigation has-small-font-size\"><li class=\"has-small-font-size wp-block-navigation-item wp-block-navigation-link has-small-font-size\"><a class=\"wp-block-navigation-item__content\"  href=\"https:\/\/agri-volt.fr\/\"><span class=\"wp-block-navigation-item__label\">Accueil<\/span><\/a><\/li><li class=\"has-small-font-size wp-block-navigation-item wp-block-navigation-link has-small-font-size wp-container-content-1\"><a class=\"wp-block-navigation-item__content\"  href=\"https:\/\/agri-volt.fr\/?page_id=16\"><span class=\"wp-block-navigation-item__label\">Le groupe<\/span><\/a><\/li><li class=\"has-small-font-size wp-block-navigation-item wp-block-navigation-link has-small-font-size\"><a class=\"wp-block-navigation-item__content\"  href=\"https:\/\/agri-volt.fr\/?page_id=84\"><span class=\"wp-block-navigation-item__label\">Contexte<\/span><\/a><\/li><li class=\"has-small-font-size wp-block-navigation-item wp-block-navigation-link\"><a class=\"wp-block-navigation-item__content\"  href=\"https:\/\/agri-volt.fr\/?page_id=18\"><span class=\"wp-block-navigation-item__label\">Solutions agrivolta\u00efque<\/span><\/a><\/li><li class=\"has-small-font-size wp-block-navigation-item wp-block-navigation-link\"><a class=\"wp-block-navigation-item__content\"  href=\"https:\/\/agri-volt.fr\/?page_id=1583\"><span class=\"wp-block-navigation-item__label\">Toitures solaires<\/span><\/a><\/li><li class=\"has-small-font-size wp-block-navigation-item wp-block-navigation-link\"><a class=\"wp-block-navigation-item__content\"  href=\"https:\/\/agri-volt.fr\/?page_id=2035\"><span class=\"wp-block-navigation-item__label\">Offres d\u2019emploi<\/span><\/a><\/li><li class=\"has-small-font-size wp-block-navigation-item wp-block-navigation-link has-small-font-size\"><a class=\"wp-block-navigation-item__content\"  href=\"https:\/\/agri-volt.fr\/?page_id=17\"><span class=\"wp-block-navigation-item__label\">Contact<\/span><\/a><\/li><\/ul><\/nav><\/div>\n\n\n\n<div class=\"wp-block-column is-layout-flow wp-block-column-is-layout-flow\" style=\"flex-basis:0px\"><\/div>\n<\/div>\n<\/div><\/div>\n","protected":false},"excerpt":{"rendered":"","protected":false},"author":1,"featured_media":0,"parent":0,"menu_order":0,"comment_status":"closed","ping_status":"closed","template":"","meta":{"neve_meta_sidebar":"","neve_meta_container":"","neve_meta_enable_content_width":"on","neve_meta_content_width":100,"neve_meta_title_alignment":"","neve_meta_author_avatar":"","neve_post_elements_order":"","neve_meta_disable_header":"","neve_meta_disable_footer":"","neve_meta_disable_title":"on","footnotes":""},"_links":{"self":[{"href":"https:\/\/agri-volt.fr\/index.php?rest_route=\/wp\/v2\/pages\/1583"}],"collection":[{"href":"https:\/\/agri-volt.fr\/index.php?rest_route=\/wp\/v2\/pages"}],"about":[{"href":"https:\/\/agri-volt.fr\/index.php?rest_route=\/wp\/v2\/types\/page"}],"author":[{"embeddable":true,"href":"https:\/\/agri-volt.fr\/index.php?rest_route=\/wp\/v2\/users\/1"}],"replies":[{"embeddable":true,"href":"https:\/\/agri-volt.fr\/index.php?rest_route=%2Fwp%2Fv2%2Fcomments&post=1583"}],"version-history":[{"count":63,"href":"https:\/\/agri-volt.fr\/index.php?rest_route=\/wp\/v2\/pages\/1583\/revisions"}],"predecessor-version":[{"id":2595,"href":"https:\/\/agri-volt.fr\/index.php?rest_route=\/wp\/v2\/pages\/1583\/revisions\/2595"}],"wp:attachment":[{"href":"https:\/\/agri-volt.fr\/index.php?rest_route=%2Fwp%2Fv2%2Fmedia&parent=1583"}],"curies":[{"name":"wp","href":"https:\/\/api.w.org\/{rel}","templated":true}]}}